{"id":4938,"date":"2025-09-23T00:09:23","date_gmt":"2025-09-23T04:09:23","guid":{"rendered":"https:\/\/iscandle.com\/shop\/uncategorized\/halloween-diy-halloween-ghost-pumpkin-silicone-mold-for-aromatherapy-candle-3d-pumpkin-candle-stand-spooky-decor-crafting-tool\/"},"modified":"2025-09-23T00:10:49","modified_gmt":"2025-09-23T04:10:49","slug":"moule-en-silicone-pour-bougie-daromatherapie-3d-pumpkin-support-de-bougie-spooky-decor-crafting-tool","status":"publish","type":"product","link":"https:\/\/iscandle.com\/fr\/boutique\/moule\/moule-en-silicone-pour-bougie-daromatherapie-3d-pumpkin-support-de-bougie-spooky-decor-crafting-tool\/","title":{"rendered":"Halloween DIY Halloween Fant\u00f4me Citrouille Moule en Silicone pour Bougie d'Aromath\u00e9rapie Support de Bougie Citrouille 3D - Outil d'Artisanat D\u00e9coratif Effrayant"},"content":{"rendered":"<div class=\"product-specs-list-container\">\n<ul class=\"product-specs-list util-clearfix\">\n<li class=\"product-prop line-limit-length\"><span\n                                        class=\"property-title\">Nom de marque :&nbsp;<\/span><span\n                                        class=\"property-desc line-limit-length\">NoEnName_Null<\/span>\n                            <\/li>\n<li class=\"product-prop line-limit-length\"><span\n                                        class=\"property-title\">Produits chimiques de haute qualit\u00e9 :&nbsp;<\/span><span\n                                        class=\"property-desc line-limit-length\">Aucun<\/span>\n                            <\/li>\n<li class=\"product-prop line-limit-length\"><span\n                                        class=\"property-title\">Taille :&nbsp;<\/span><span\n                                        class=\"property-desc line-limit-length\">10795cm<\/span>\n                            <\/li>\n<li class=\"product-prop line-limit-length\"><span\n                                        class=\"property-title\">Origine :&nbsp;<\/span><span\n                                        class=\"property-desc line-limit-length\">Chine continentale<\/span>\n                            <\/li>\n<li class=\"product-prop line-limit-length\"><span\n                                        class=\"property-title\">Mat\u00e9riau :&nbsp;<\/span><span\n                                        class=\"property-desc line-limit-length\">Silicone<\/span>\n                            <\/li>\n<\/ul><\/div>\n<div class=\"detailmodule_html\">\n<div class=\"detail-desc-decorate-richtext\">\n<p><span style=\"font-size: 16px;font-family: Verdana\">100% Neuf et de haute qualit\u00e9 !<\/span><\/p>\n<p><span style=\"font-size: 16px;font-family: Verdana\">Mati\u00e8re : Silicone<\/span><\/p>\n<p><span style=\"font-size: 16px;font-family: Verdana\">Taille : Comme indiqu\u00e9 sur l'image<\/span><\/p>\n<p><span style=\"font-size: 16px;font-family: Verdana\">Couleur : comme indiqu\u00e9 sur l'image<\/span><\/p>\n<p><span style=\"font-size: 16px;font-family: Verdana\">Taille : Comme indiqu\u00e9 sur l'image<\/span><\/p>\n<p><span style=\"font-size: 16px;font-family: Verdana\">Le paquet comprend :<\/span><\/p>\n<p><span style=\"font-size: 16px;font-family: Verdana\">1 pi\u00e8ce<\/span><\/p>\n<p><span style=\"font-size: 16px;font-family: Verdana\">Remarque :<\/span><\/p>\n<p><span style=\"font-size: 16px;font-family: Verdana\">1. Veuillez noter que la photo ne montre pas la taille r\u00e9elle, veuillez vous r\u00e9f\u00e9rer \u00e0 la description pour les d\u00e9tails de la taille.<\/span><\/p>\n<p><span style=\"font-size: 16px;font-family: Verdana\">2. Veuillez tenir compte d'une diff\u00e9rence de 5 \u00e0 10 mm due aux mesures manuelles, merci.<\/span><\/p>\n<p><span style=\"font-size: 16px;font-family: Verdana\">3. En raison de la diff\u00e9rence entre les diff\u00e9rents moniteurs, l'image peut ne pas refl\u00e9ter la couleur r\u00e9elle de l'article.<\/span><\/p>\n<p><span style=\"font-size: 16px;font-family: Verdana\">Remarque :<\/span><\/p>\n<p><span style=\"font-size: 16px;font-family: Verdana\">En raison des mesures manuelles, il peut y avoir des erreurs dans les dimensions et le poids ;<\/span><\/p>\n<p><span style=\"font-size: 16px;font-family: Verdana\">Les couleurs peuvent pr\u00e9senter des diff\u00e9rences en raison de facteurs tels que la lumi\u00e8re, la saturation et les pixels. Nous nous excusons pour tout inconv\u00e9nient caus\u00e9.<\/span><\/p>\n<\/div>\n<\/div>\n<div class=\"detailmodule_image\"><img decoding=\"async\" src=\"https:\/\/ae01.alicdn.com\/kf\/S54987f69f23c4451b50d1bb5ee68c52eN.jpg\" class=\"detail-desc-decorate-image\"><img decoding=\"async\" src=\"https:\/\/ae01.alicdn.com\/kf\/S4daddf31941049f3a05e33be2bc66b27P.jpg\" class=\"detail-desc-decorate-image\"><img decoding=\"async\" src=\"https:\/\/ae01.alicdn.com\/kf\/S39250f28fe274b1eab32c9deda36d67dP.jpg\" class=\"detail-desc-decorate-image\"><img decoding=\"async\" src=\"https:\/\/ae01.alicdn.com\/kf\/S7163aec20bbc42039b0e41591238126dB.jpg\" class=\"detail-desc-decorate-image\"><img decoding=\"async\" src=\"https:\/\/ae01.alicdn.com\/kf\/S1ec94833bef647019a644529a7cd8a63S.jpg\" class=\"detail-desc-decorate-image\"><img decoding=\"async\" src=\"https:\/\/ae01.alicdn.com\/kf\/Sc4f92815e7f04367adc3469a1e027e29Q.jpg\" class=\"detail-desc-decorate-image\"><\/div>","protected":false},"excerpt":{"rendered":"<p>Nom de la marque : NoEnName_Null Hign-concerned Chemical : None Size : 10795cm Origin : Chine continentale Mat\u00e9riau : Silicone 100% Neuf et de haute qualit\u00e9 ! Mati\u00e8re:Silicone Taille:Comme indiqu\u00e9 sur la photo<\/p>","protected":false},"featured_media":4939,"comment_status":"open","ping_status":"closed","template":"","meta":[],"product_brand":[],"product_cat":[44],"product_tag":[462],"class_list":{"0":"post-4938","1":"product","2":"type-product","3":"status-publish","4":"has-post-thumbnail","6":"product_cat-mould","7":"product_tag-halloween","9":"first","10":"instock","11":"sale","12":"taxable","13":"shipping-taxable","14":"purchasable","15":"product-type-variable"},"_links":{"self":[{"href":"https:\/\/iscandle.com\/fr\/wp-json\/wp\/v2\/product\/4938","targetHints":{"allow":["GET"]}}],"collection":[{"href":"https:\/\/iscandle.com\/fr\/wp-json\/wp\/v2\/product"}],"about":[{"href":"https:\/\/iscandle.com\/fr\/wp-json\/wp\/v2\/types\/product"}],"replies":[{"embeddable":true,"href":"https:\/\/iscandle.com\/fr\/wp-json\/wp\/v2\/comments?post=4938"}],"version-history":[{"count":0,"href":"https:\/\/iscandle.com\/fr\/wp-json\/wp\/v2\/product\/4938\/revisions"}],"wp:featuredmedia":[{"embeddable":true,"href":"https:\/\/iscandle.com\/fr\/wp-json\/wp\/v2\/media\/4939"}],"wp:attachment":[{"href":"https:\/\/iscandle.com\/fr\/wp-json\/wp\/v2\/media?parent=4938"}],"wp:term":[{"taxonomy":"product_brand","embeddable":true,"href":"https:\/\/iscandle.com\/fr\/wp-json\/wp\/v2\/product_brand?post=4938"},{"taxonomy":"product_cat","embeddable":true,"href":"https:\/\/iscandle.com\/fr\/wp-json\/wp\/v2\/product_cat?post=4938"},{"taxonomy":"product_tag","embeddable":true,"href":"https:\/\/iscandle.com\/fr\/wp-json\/wp\/v2\/product_tag?post=4938"}],"curies":[{"name":"wp","href":"https:\/\/api.w.org\/{rel}","templated":true}]}}