{"id":3080,"date":"2025-09-11T02:21:25","date_gmt":"2025-09-11T06:21:25","guid":{"rendered":"https:\/\/iscandle.com\/shop\/uncategorized\/1pc-cute-creative-duck-shape-candles-kid-birthday-cake-candles-female-wedding-presenting-gifts-for-party-decorations-supply\/"},"modified":"2025-09-11T02:21:35","modified_gmt":"2025-09-11T06:21:35","slug":"1pc-cute-creative-duck-shape-candles-kid-birthday-cake-candles-female-wedding-presenting-gifts-for-party-decorations-supply","status":"publish","type":"product","link":"https:\/\/iscandle.com\/es\/tienda\/molde\/1pc-cute-creative-duck-shape-candles-kid-birthday-cake-candles-female-wedding-presenting-gifts-for-party-decorations-supply\/","title":{"rendered":"1PC Cute Creative Duck Shape Candles, Kid Birthday Cake Candles, Female Wedding Presenting Gifts, For Party Decorations Supply"},"content":{"rendered":"<div class=\"product-specs-list-container\">\n<ul class=\"product-specs-list util-clearfix\">\n<li class=\"product-prop line-limit-length\"><span class=\"property-title\">Brand Name:\u00a0<\/span><span class=\"property-desc line-limit-length\">NoEnName_Null<\/span><\/li>\n<li class=\"product-prop line-limit-length\"><span class=\"property-title\">Hign-concerned Chemical:\u00a0<\/span><span class=\"property-desc line-limit-length\">None<\/span><\/li>\n<li class=\"product-prop line-limit-length\"><span class=\"property-title\">Origin:\u00a0<\/span><span class=\"property-desc line-limit-length\">Mainland China<\/span><\/li>\n<li class=\"product-prop line-limit-length\"><span class=\"property-title\">Handmade:\u00a0<\/span><span class=\"property-desc line-limit-length\">No<\/span><\/li>\n<li class=\"product-prop line-limit-length\"><span class=\"property-title\">Material:\u00a0<\/span><span class=\"property-desc line-limit-length\">Paraffin Wax<\/span><\/li>\n<li class=\"product-prop line-limit-length\"><span class=\"property-title\">Model Number:\u00a0<\/span><span class=\"property-desc line-limit-length\">cute creative duck shape kid birthday candles<\/span><\/li>\n<li class=\"product-prop line-limit-length\"><span class=\"property-title\">Type:\u00a0<\/span><span class=\"property-desc line-limit-length\">Art Candle<\/span><\/li>\n<li class=\"product-prop line-limit-length\"><span class=\"property-title\">Shape:\u00a0<\/span><span class=\"property-desc line-limit-length\">Animal<\/span><\/li>\n<li class=\"product-prop line-limit-length\"><span class=\"property-title\">Feature:\u00a0<\/span><span class=\"property-desc line-limit-length\">Colored Flame<\/span><\/li>\n<li class=\"product-prop line-limit-length\"><span class=\"property-title\">Use:\u00a0<\/span><span class=\"property-desc line-limit-length\">Birthdays<\/span><\/li>\n<li class=\"product-prop line-limit-length\"><span class=\"property-title\">Product:\u00a0<\/span><span class=\"property-desc line-limit-length\">General Candle<\/span><\/li>\n<li class=\"product-prop line-limit-length\"><span class=\"property-title\">product number:\u00a0<\/span><span class=\"property-desc line-limit-length\">LA4044<\/span><\/li>\n<\/ul>\n<\/div>\n<div class=\"detailmodule_html\">\n<div class=\"detail-desc-decorate-richtext\">\n<div>\u00a0<\/div>\n<p><span style=\"font-size: 20px;\"><span style=\"font-family: arial, helvetica, sans-serif;\">Material:\u00a0paraffin wax<\/span><\/span><\/p>\n<p><span style=\"font-size: 20px;\"><span style=\"font-family: arial, helvetica, sans-serif;\">Duck body size: bottom diameter 3.5CM, \u00a0height 5.8CM<\/span><\/span><\/p>\n<div><span style=\"font-size: 20px;\"><span style=\"font-family: arial, helvetica, sans-serif;\">Box size: bottom diameter 5.9CM high, \u00a06.5CM<\/span><\/span><\/div>\n<p><span style=\"font-size: 20px;\"><span style=\"font-family: arial, helvetica, sans-serif;\">Color: randomly sent<\/span><\/span><\/p>\n<p><span style=\"font-size: 20px;\"><span style=\"font-family: arial, helvetica, sans-serif;\">Packaging: plastic box<\/span><\/span><\/p>\n<p><span style=\"font-size: 20px;\"><span style=\"font-family: arial, helvetica, sans-serif;\">Package includes:<\/span><span style=\"font-family: arial, helvetica, sans-serif;\">\u00a01 unidad <\/span><span style=\"font-family: arial, helvetica, sans-serif;\">Kawaii Creative Small Duck Shape\u00a0Candle<\/span><\/span><\/p>\n<div style=\", arial, helvetica, sans-serif, heiti;font-size: 14px;\"><span style=\"font-size: 20px;\"><span style=\"font-family: arial, helvetica, sans-serif;\">Note:\u00a0<\/span> <span style=\"font-family: arial, helvetica, sans-serif;\">1. Item color displayed in photos may be showing slightly different on your computer monitor<\/span><\/span><\/div>\n<div style=\", arial, helvetica, sans-serif, heiti;font-size: 14px;\"><span style=\"font-size: 20px;\"><span style=\"font-family: arial, helvetica, sans-serif;\">\u00a0 \u00a0 \u00a0 \u00a0 \u00a0 \u00a0 \u00a0 \u00a0since monitors are not calibrated same.<\/span><\/span><\/div>\n<div style=\", arial, helvetica, sans-serif, heiti;font-size: 14px;\">\u00a0<\/div>\n<div style=\", arial, helvetica, sans-serif, heiti;font-size: 14px;\"><span style=\"font-size: 20px;\"><span style=\"font-family: arial, helvetica, sans-serif;\">\u00a0 \u00a0 \u00a0 \u00a0 \u00a0 \u00a02. The product will be upgraded constantly, the appearance and color may be changed,<\/span><\/span><\/div>\n<div style=\", arial, helvetica, sans-serif, heiti;font-size: 14px;\"><span style=\"font-size: 20px;\"><span style=\"font-family: arial, helvetica, sans-serif;\">\u00a0 \u00a0 \u00a0 \u00a0 \u00a0 \u00a0 \u00a0 \u00a0please don&#8217;t mind.\u00a0And take a consideration before place the order if you have request<\/span><\/span><\/div>\n<div style=\", arial, helvetica, sans-serif, heiti;font-size: 14px;\"><span style=\"font-size: 20px;\"><span style=\"font-family: arial, helvetica, sans-serif;\">\u00a0 \u00a0 \u00a0 \u00a0 \u00a0 \u00a0 \u00a0 \u00a0for color or appearance.<\/span><\/span><\/div>\n<div style=\", arial, helvetica, sans-serif, heiti;font-size: 14px;\">\u00a0<\/div>\n<div style=\", arial, helvetica, sans-serif, heiti;font-size: 14px;\">\u00a0<\/div>\n<p><span style=\"font-size: 20px;\"><img decoding=\"async\" src=\"https:\/\/ae01.alicdn.com\/kf\/Ha3dee0691a714953adf439ca551833a5l.jpg\" \/><img decoding=\"async\" src=\"https:\/\/ae01.alicdn.com\/kf\/Hb67aad2099d74649b3b077e8a1adbf22P.jpg\" \/><img decoding=\"async\" src=\"https:\/\/ae01.alicdn.com\/kf\/Hae5f650d05ee4f59812f7759972643a1g.jpg\" \/><img decoding=\"async\" src=\"https:\/\/ae01.alicdn.com\/kf\/H8f7128602290410685b81321bde3d2d8j.jpg\" \/><img decoding=\"async\" src=\"https:\/\/ae01.alicdn.com\/kf\/H87a0a16657b44d6782054e2ae41c9a4dp.jpg\" \/><\/span><\/p>\n<div>\n<p>\u00a0<\/div>\n<div>\u00a0<\/div>\n<p>\u00a0<\/p>\n<\/div>\n<\/div>","protected":false},"excerpt":{"rendered":"<p>Nombre de marca: NoEnName_Null Hign-concerned Chemical: Ninguno Origen: China continental Hecho a mano: No Material: Cera de parafina N\u00famero de modelo: lindo pato creativo forma ni\u00f1o velas de cumplea\u00f1os Tipo: Arte Vela Forma: Animal<\/p>","protected":false},"featured_media":3081,"comment_status":"open","ping_status":"closed","template":"","meta":[],"product_brand":[],"product_cat":[44],"product_tag":[],"class_list":{"0":"post-3080","1":"product","2":"type-product","3":"status-publish","4":"has-post-thumbnail","6":"product_cat-mould","8":"first","9":"instock","10":"sale","11":"taxable","12":"shipping-taxable","13":"purchasable","14":"product-type-simple"},"_links":{"self":[{"href":"https:\/\/iscandle.com\/es\/wp-json\/wp\/v2\/product\/3080","targetHints":{"allow":["GET"]}}],"collection":[{"href":"https:\/\/iscandle.com\/es\/wp-json\/wp\/v2\/product"}],"about":[{"href":"https:\/\/iscandle.com\/es\/wp-json\/wp\/v2\/types\/product"}],"replies":[{"embeddable":true,"href":"https:\/\/iscandle.com\/es\/wp-json\/wp\/v2\/comments?post=3080"}],"version-history":[{"count":0,"href":"https:\/\/iscandle.com\/es\/wp-json\/wp\/v2\/product\/3080\/revisions"}],"wp:featuredmedia":[{"embeddable":true,"href":"https:\/\/iscandle.com\/es\/wp-json\/wp\/v2\/media\/3081"}],"wp:attachment":[{"href":"https:\/\/iscandle.com\/es\/wp-json\/wp\/v2\/media?parent=3080"}],"wp:term":[{"taxonomy":"product_brand","embeddable":true,"href":"https:\/\/iscandle.com\/es\/wp-json\/wp\/v2\/product_brand?post=3080"},{"taxonomy":"product_cat","embeddable":true,"href":"https:\/\/iscandle.com\/es\/wp-json\/wp\/v2\/product_cat?post=3080"},{"taxonomy":"product_tag","embeddable":true,"href":"https:\/\/iscandle.com\/es\/wp-json\/wp\/v2\/product_tag?post=3080"}],"curies":[{"name":"wp","href":"https:\/\/api.w.org\/{rel}","templated":true}]}}