{"id":2838,"date":"2025-09-11T02:11:25","date_gmt":"2025-09-11T06:11:25","guid":{"rendered":"https:\/\/iscandle.com\/shop\/uncategorized\/1pc-simulation-shell-crafts-decoration-molds-shells-conch-mirror-epoxy-resin-silicone-diy-handmade-candle-tools\/"},"modified":"2025-09-11T02:11:42","modified_gmt":"2025-09-11T06:11:42","slug":"1pc-simulation-shell-crafts-decoration-molds-shells-conch-mirror-epoxy-resin-silicone-diy-handmade-candle-tools","status":"publish","type":"product","link":"https:\/\/iscandle.com\/es\/tienda\/molde\/1pc-simulation-shell-crafts-decoration-molds-shells-conch-mirror-epoxy-resin-silicone-diy-handmade-candle-tools\/","title":{"rendered":"1PC Simulaci\u00f3n Concha Artesan\u00eda Decoraci\u00f3n Moldes Concha Espejo Resina Epoxi Silicona DIY Hecho a mano Vela Herramientas"},"content":{"rendered":"<div class=\"product-specs-list-container\">\n<ul class=\"product-specs-list util-clearfix\">\n<li class=\"product-prop line-limit-length\"><span class=\"property-title\">Brand Name:\u00a0<\/span><span class=\"property-desc line-limit-length\">NoEnName_Null<\/span><\/li>\n<li class=\"product-prop line-limit-length\"><span class=\"property-title\">Hign-concerned Chemical:\u00a0<\/span><span class=\"property-desc line-limit-length\">None<\/span><\/li>\n<li class=\"product-prop line-limit-length\"><span class=\"property-title\">Size:\u00a0<\/span><span class=\"property-desc line-limit-length\">4.9*5.9cm<\/span><\/li>\n<li class=\"product-prop line-limit-length\"><span class=\"property-title\">Origin:\u00a0<\/span><span class=\"property-desc line-limit-length\">Mainland China<\/span><\/li>\n<li class=\"product-prop line-limit-length\"><span class=\"property-title\">Material:\u00a0<\/span><span class=\"property-desc line-limit-length\">Silicone<\/span><\/li>\n<li class=\"product-prop line-limit-length\"><span class=\"property-title\">Shape:\u00a0<\/span><span class=\"property-desc line-limit-length\">Flower<\/span><\/li>\n<li class=\"product-prop line-limit-length\"><span class=\"property-title\">Choice:\u00a0<\/span><span class=\"property-desc line-limit-length\">yes<\/span><\/li>\n<li class=\"product-prop line-limit-length\"><span class=\"property-title\">semi_Choice:\u00a0<\/span><span class=\"property-desc line-limit-length\">yes<\/span><\/li>\n<\/ul>\n<\/div>\n<div class=\"detailmodule_html\">\n<div class=\"detail-desc-decorate-richtext\">\n<div style=\"position: relative;\">\n<div>\u00a0<\/div>\n<div>\u00a0<\/div>\n<div>Multi-faceted Shell Conch Mirror Epoxy Silicone Abrasive Simulation Shell Crafts Decoration Mold Chocolate Cake Baking Tool 1PC<\/div>\n<\/div>\n<div style=\"position: relative;\">\u00a0<\/div>\n<div style=\"position: relative;\">Size: Approximately 7 * 1.2cm in total<\/div>\n<div style=\"position: relative;\">Weight: 38g (allowable error for manual measurement)<\/div>\n<div style=\"position: relative;\">Packaging: OPP bag packaging<\/div>\n<div style=\"position: relative;\">Material: Silicone<\/div>\n<div style=\"position: relative;\">Temperature support: -40 \u00b0 C-230 \u00b0 C<\/div>\n<div style=\"position: relative;\">Usage: Make cakes, jellies, chocolates, puddings, flip flops, etc.<\/div>\n<div style=\"position: relative;\">Kind reminder: The size and weight are measured manually, with some slight errors.<\/div>\n<div style=\"position: relative;\">\u00a0<\/div>\n<div style=\"position: relative;\">The packaging includes:<\/div>\n<div style=\"position: relative;\">1 * Candle mold<\/div>\n<div style=\"position: relative;\">\n<p><img decoding=\"async\" src=\"https:\/\/ae01.alicdn.com\/kf\/S47e5a2d00a36449c8b5abcb02ec9bec9A.jpg\" \/><\/p>\n<p><img decoding=\"async\" src=\"https:\/\/ae01.alicdn.com\/kf\/S91b9c17d2c724021a0ee1128f340de41w.jpg\" \/><\/p>\n<p><img decoding=\"async\" src=\"https:\/\/ae01.alicdn.com\/kf\/Sb7c9f72f8ce243e18ddaf630d2936a34H.jpg\" \/><\/p>\n<p><img decoding=\"async\" src=\"https:\/\/ae01.alicdn.com\/kf\/Sad2527f7a472451f9ab9be759bf0ac14e.jpg\" \/><\/p>\n<p><img decoding=\"async\" src=\"https:\/\/ae01.alicdn.com\/kf\/S8ce141392a5345c7883ae9bf588b92479.jpg\" \/><\/p>\n<\/div>\n<\/div>\n<\/div>\n<p>\u00a0<\/p>","protected":false},"excerpt":{"rendered":"<p>Nombre de marca: NoEnName_Null Hign-concerned Qu\u00edmica: Ninguno Tama\u00f1o: 4.9*5.9cm Origen: China continental Material: Silicona Forma: Flor Elecci\u00f3n: s\u00ed semi_Elecci\u00f3n: s\u00ed Concha de m\u00faltiples facetas Espejo Epoxi Silicona Abrasivo<\/p>","protected":false},"featured_media":2839,"comment_status":"open","ping_status":"closed","template":"","meta":[],"product_brand":[],"product_cat":[44],"product_tag":[],"class_list":{"0":"post-2838","1":"product","2":"type-product","3":"status-publish","4":"has-post-thumbnail","6":"product_cat-mould","8":"first","9":"instock","10":"sale","11":"taxable","12":"shipping-taxable","13":"purchasable","14":"product-type-variable"},"_links":{"self":[{"href":"https:\/\/iscandle.com\/es\/wp-json\/wp\/v2\/product\/2838","targetHints":{"allow":["GET"]}}],"collection":[{"href":"https:\/\/iscandle.com\/es\/wp-json\/wp\/v2\/product"}],"about":[{"href":"https:\/\/iscandle.com\/es\/wp-json\/wp\/v2\/types\/product"}],"replies":[{"embeddable":true,"href":"https:\/\/iscandle.com\/es\/wp-json\/wp\/v2\/comments?post=2838"}],"version-history":[{"count":0,"href":"https:\/\/iscandle.com\/es\/wp-json\/wp\/v2\/product\/2838\/revisions"}],"wp:featuredmedia":[{"embeddable":true,"href":"https:\/\/iscandle.com\/es\/wp-json\/wp\/v2\/media\/2839"}],"wp:attachment":[{"href":"https:\/\/iscandle.com\/es\/wp-json\/wp\/v2\/media?parent=2838"}],"wp:term":[{"taxonomy":"product_brand","embeddable":true,"href":"https:\/\/iscandle.com\/es\/wp-json\/wp\/v2\/product_brand?post=2838"},{"taxonomy":"product_cat","embeddable":true,"href":"https:\/\/iscandle.com\/es\/wp-json\/wp\/v2\/product_cat?post=2838"},{"taxonomy":"product_tag","embeddable":true,"href":"https:\/\/iscandle.com\/es\/wp-json\/wp\/v2\/product_tag?post=2838"}],"curies":[{"name":"wp","href":"https:\/\/api.w.org\/{rel}","templated":true}]}}