{"id":4938,"date":"2025-09-23T00:09:23","date_gmt":"2025-09-23T04:09:23","guid":{"rendered":"https:\/\/iscandle.com\/shop\/uncategorized\/halloween-diy-halloween-ghost-pumpkin-silicone-mold-for-aromatherapy-candle-3d-pumpkin-candle-stand-spooky-decor-crafting-tool\/"},"modified":"2025-09-23T00:10:49","modified_gmt":"2025-09-23T04:10:49","slug":"halloween-diy-halloween-gespenst-kurbis-silikonform-fur-aromatherapie-kerze-3d-kurbis-kerzenstander-gruselige-dekoration-bastelwerkzeug","status":"publish","type":"product","link":"https:\/\/iscandle.com\/de\/shop\/form\/halloween-diy-halloween-gespenst-kurbis-silikonform-fur-aromatherapie-kerze-3d-kurbis-kerzenstander-gruselige-dekoration-bastelwerkzeug\/","title":{"rendered":"Halloween DIY Halloween Geist K\u00fcrbis Silikonform f\u00fcr Aromatherapie Kerze 3D K\u00fcrbis Kerzenst\u00e4nder - Spooky Decor Crafting Tool"},"content":{"rendered":"<div class=\"product-specs-list-container\">\n<ul class=\"product-specs-list util-clearfix\">\n<li class=\"product-prop line-limit-length\"><span\n                                        class=\"property-title\">Markenname:&nbsp;<\/span><span\n                                        class=\"property-desc line-limit-length\">NoEnName_Null<\/span>\n                            <\/li>\n<li class=\"product-prop line-limit-length\"><span\n                                        class=\"property-title\">Hign-concerned Chemical:&nbsp;<\/span><span\n                                        class=\"property-desc line-limit-length\">Keine<\/span>\n                            <\/li>\n<li class=\"product-prop line-limit-length\"><span\n                                        class=\"property-title\">Gr\u00f6\u00dfe:&nbsp;<\/span><span\n                                        class=\"property-desc line-limit-length\">10795cm<\/span>\n                            <\/li>\n<li class=\"product-prop line-limit-length\"><span\n                                        class=\"property-title\">Herkunft:&nbsp;<\/span><span\n                                        class=\"property-desc line-limit-length\">Festland China<\/span>\n                            <\/li>\n<li class=\"product-prop line-limit-length\"><span\n                                        class=\"property-title\">Material:&nbsp;<\/span><span\n                                        class=\"property-desc line-limit-length\">Silikon<\/span>\n                            <\/li>\n<\/ul><\/div>\n<div class=\"detailmodule_html\">\n<div class=\"detail-desc-decorate-richtext\">\n<p><span style=\"font-size: 16px;font-family: Verdana\">100% Brandneu und von hoher Qualit\u00e4t!<\/span><\/p>\n<p><span style=\"font-size: 16px;font-family: Verdana\">Material:Silikon<\/span><\/p>\n<p><span style=\"font-size: 16px;font-family: Verdana\">Gr\u00f6\u00dfe:Wie auf dem Bild gezeigt<\/span><\/p>\n<p><span style=\"font-size: 16px;font-family: Verdana\">Farbe:Wie auf dem Bild gezeigt<\/span><\/p>\n<p><span style=\"font-size: 16px;font-family: Verdana\">Gr\u00f6\u00dfe:Wie auf dem Bild gezeigt<\/span><\/p>\n<p><span style=\"font-size: 16px;font-family: Verdana\">Inklusive Paket:<\/span><\/p>\n<p><span style=\"font-size: 16px;font-family: Verdana\">1 St\u00fcck<\/span><\/p>\n<p><span style=\"font-size: 16px;font-family: Verdana\">Anmerkung:<\/span><\/p>\n<p><span style=\"font-size: 16px;font-family: Verdana\">1. Bitte beachten Sie, dass das Foto nicht die tats\u00e4chliche Gr\u00f6\u00dfe zeigt, entnehmen Sie bitte der Beschreibung f\u00fcr die Gr\u00f6\u00dfe Details.<\/span><\/p>\n<p><span style=\"font-size: 16px;font-family: Verdana\">2. Bitte erlauben Sie 5-10mm Unterschiede aufgrund der manuellen Messung, danke.<\/span><\/p>\n<p><span style=\"font-size: 16px;font-family: Verdana\">3. Aufgrund des Unterschieds zwischen verschiedenen Monitoren, kann das Bild nicht die tats\u00e4chliche Farbe des Artikels widerspiegeln.<\/span><\/p>\n<p><span style=\"font-size: 16px;font-family: Verdana\">Anmerkung:<\/span><\/p>\n<p><span style=\"font-size: 16px;font-family: Verdana\">Aufgrund der manuellen Messung, kann es Fehler in den Abmessungen und Gewicht, Bitte haben Sie Verst\u00e4ndnis;<\/span><\/p>\n<p><span style=\"font-size: 16px;font-family: Verdana\">Farben k\u00f6nnen Farbunterschiede aufgrund von Faktoren wie Licht, S\u00e4ttigung und Pixel haben, Wir entschuldigen uns f\u00fcr alle Unannehmlichkeiten verursacht.<\/span><\/p>\n<\/div>\n<\/div>\n<div class=\"detailmodule_image\"><img decoding=\"async\" src=\"https:\/\/ae01.alicdn.com\/kf\/S54987f69f23c4451b50d1bb5ee68c52eN.jpg\" class=\"detail-desc-decorate-image\"><img decoding=\"async\" src=\"https:\/\/ae01.alicdn.com\/kf\/S4daddf31941049f3a05e33be2bc66b27P.jpg\" class=\"detail-desc-decorate-image\"><img decoding=\"async\" src=\"https:\/\/ae01.alicdn.com\/kf\/S39250f28fe274b1eab32c9deda36d67dP.jpg\" class=\"detail-desc-decorate-image\"><img decoding=\"async\" src=\"https:\/\/ae01.alicdn.com\/kf\/S7163aec20bbc42039b0e41591238126dB.jpg\" class=\"detail-desc-decorate-image\"><img decoding=\"async\" src=\"https:\/\/ae01.alicdn.com\/kf\/S1ec94833bef647019a644529a7cd8a63S.jpg\" class=\"detail-desc-decorate-image\"><img decoding=\"async\" src=\"https:\/\/ae01.alicdn.com\/kf\/Sc4f92815e7f04367adc3469a1e027e29Q.jpg\" class=\"detail-desc-decorate-image\"><\/div>","protected":false},"excerpt":{"rendered":"<p>Markenname: NoEnName_Null Hign-concerned Chemical: Keine Gr\u00f6\u00dfe: 10795cm Herkunft: Festland China Material: Silikon 100% Brandneu und hohe Qualit\u00e4t! Material:Silikon Gr\u00f6\u00dfe:Wie auf dem Bild gezeigt<\/p>","protected":false},"featured_media":4939,"comment_status":"open","ping_status":"closed","template":"","meta":[],"product_brand":[],"product_cat":[44],"product_tag":[462],"class_list":{"0":"post-4938","1":"product","2":"type-product","3":"status-publish","4":"has-post-thumbnail","6":"product_cat-mould","7":"product_tag-halloween","9":"first","10":"instock","11":"sale","12":"taxable","13":"shipping-taxable","14":"purchasable","15":"product-type-variable"},"_links":{"self":[{"href":"https:\/\/iscandle.com\/de\/wp-json\/wp\/v2\/product\/4938","targetHints":{"allow":["GET"]}}],"collection":[{"href":"https:\/\/iscandle.com\/de\/wp-json\/wp\/v2\/product"}],"about":[{"href":"https:\/\/iscandle.com\/de\/wp-json\/wp\/v2\/types\/product"}],"replies":[{"embeddable":true,"href":"https:\/\/iscandle.com\/de\/wp-json\/wp\/v2\/comments?post=4938"}],"version-history":[{"count":0,"href":"https:\/\/iscandle.com\/de\/wp-json\/wp\/v2\/product\/4938\/revisions"}],"wp:featuredmedia":[{"embeddable":true,"href":"https:\/\/iscandle.com\/de\/wp-json\/wp\/v2\/media\/4939"}],"wp:attachment":[{"href":"https:\/\/iscandle.com\/de\/wp-json\/wp\/v2\/media?parent=4938"}],"wp:term":[{"taxonomy":"product_brand","embeddable":true,"href":"https:\/\/iscandle.com\/de\/wp-json\/wp\/v2\/product_brand?post=4938"},{"taxonomy":"product_cat","embeddable":true,"href":"https:\/\/iscandle.com\/de\/wp-json\/wp\/v2\/product_cat?post=4938"},{"taxonomy":"product_tag","embeddable":true,"href":"https:\/\/iscandle.com\/de\/wp-json\/wp\/v2\/product_tag?post=4938"}],"curies":[{"name":"wp","href":"https:\/\/api.w.org\/{rel}","templated":true}]}}