{"id":2999,"date":"2025-09-11T02:14:57","date_gmt":"2025-09-11T06:14:57","guid":{"rendered":"https:\/\/iscandle.com\/shop\/uncategorized\/3d-rose-flower-silicone-candle-molds-diy-soap-chocolate-cake-baking-mold-handmade-soap-gypsum-resin-crafts-casting\/"},"modified":"2025-09-11T02:16:30","modified_gmt":"2025-09-11T06:16:30","slug":"3d-rose-flower-silicone-candle-molds-diy-soap-chocolate-cake-baking-mold-handmade-soap-gypsum-resin-crafts-casting","status":"publish","type":"product","link":"https:\/\/iscandle.com\/de\/shop\/form\/3d-rose-flower-silicone-candle-molds-diy-soap-chocolate-cake-baking-mold-handmade-soap-gypsum-resin-crafts-casting\/","title":{"rendered":"3D Rose Blume Silikon Kerze Formen DIY Seife Schokolade Kuchen Backen Form Handmade Seife Gips Harz Crafts Casting"},"content":{"rendered":"<div class=\"product-specs-list-container\">\n<ul class=\"product-specs-list util-clearfix\">\n<li class=\"product-prop line-limit-length\"><span\n                                        class=\"property-title\">Markenname:&nbsp;<\/span><span\n                                        class=\"property-desc line-limit-length\">NoEnName_Null<\/span>\n                            <\/li>\n<li class=\"product-prop line-limit-length\"><span\n                                        class=\"property-title\">Hign-concerned Chemical:&nbsp;<\/span><span\n                                        class=\"property-desc line-limit-length\">Keine<\/span>\n                            <\/li>\n<li class=\"product-prop line-limit-length\"><span\n                                        class=\"property-title\">Herkunft:&nbsp;<\/span><span\n                                        class=\"property-desc line-limit-length\">Festland China<\/span>\n                            <\/li>\n<li class=\"product-prop line-limit-length\"><span\n                                        class=\"property-title\">Material:&nbsp;<\/span><span\n                                        class=\"property-desc line-limit-length\">Silikon<\/span>\n                            <\/li>\n<li class=\"product-prop line-limit-length\"><span\n                                        class=\"property-title\">Jewelry Tools &amp; Equipments Type:&nbsp;<\/span><span\n                                        class=\"property-desc line-limit-length\">Molds<\/span>\n                            <\/li>\n<li class=\"product-prop line-limit-length\"><span\n                                        class=\"property-title\">Item Type:&nbsp;<\/span><span\n                                        class=\"property-desc line-limit-length\">Jewelry Tools &amp; Equipments<\/span>\n                            <\/li>\n<li class=\"product-prop line-limit-length\"><span\n                                        class=\"property-title\">Is it suitable for beginners:&nbsp;<\/span><span\n                                        class=\"property-desc line-limit-length\">Y<\/span>\n                            <\/li>\n<li class=\"product-prop line-limit-length\"><span\n                                        class=\"property-title\">Usage:&nbsp;<\/span><span\n                                        class=\"property-desc line-limit-length\">Home DIY<\/span>\n                            <\/li>\n<li class=\"product-prop line-limit-length\"><span\n                                        class=\"property-title\">Model Number:&nbsp;<\/span><span\n                                        class=\"property-desc line-limit-length\">No<\/span>\n                            <\/li>\n<\/ul><\/div>\n<div class=\"detailmodule_html\">\n<div class=\"detail-desc-decorate-richtext\">\n<p><span style=\"font-size: 16px;font-family: Verdana\">Merkmale:<\/span><\/p>\n<p><span style=\"font-size: 16px;font-family: Verdana\">1. High-quality materials: This candle mold is made of durable silicone with excellent thermal stability and cold resistance, and can withstand temperatures of approximately -40\u2103-230\u2103. The material has excellent elasticity and a long service life.<\/span><\/p>\n<p><span style=\"font-size: 16px;font-family: Verdana\">2. Unique rose design: The rose design of the mold is rich in details, which can add an elegant charm and romantic atmosphere to your candle. Suitable for various occasions, such as weddings, birthdays, home decoration, etc.<\/span><\/p>\n<p><span style=\"font-size: 16px;font-family: Verdana\">3. Very easy to use: Because the silicone mold is non-sticky, it can be easily demolded from the mold during the production process. At the same time, it is also very convenient to clean and maintain, just wash it with warm water and gentle soap.<\/span><\/p>\n<p><span style=\"font-size: 16px;font-family: Verdana\">4. Multi-purpose: In addition to making candles, this mold has many uses. You can use it to make soap, chocolate, jelly, ice cubes, and even art, etc.<\/span><\/p>\n<p><span style=\"font-size: 16px;font-family: Verdana\">5. Perfect gift choice: This rose candle mold is very suitable as a gift for friends or family who like handmade. It can encourage their creativity and is a unique and interesting tool.<\/span><\/p>\n<p><span style=\"font-size: 16px;font-family: Verdana\">Specifications:<\/span><\/p>\n<p><span style=\"font-size: 16px;font-family: Verdana\">Material: Silicone <\/span><\/p>\n<p><span style=\"font-size: 16px;font-family: Verdana\">Color: White<\/span><\/p>\n<p><span style=\"font-size: 16px;font-family: Verdana\">Size: 3*3.5cm\/4.8*4.3cm\/6.3*5cm\/7.5*6cm<\/span><\/p>\n<p><span style=\"font-size: 16px;font-family: Verdana\">Package contains: 1pc Silicone Mold<\/span><\/p>\n<p><span style=\"font-size: 16px;font-family: Verdana\">Anmerkung:<\/span><\/p>\n<p><span style=\"font-size: 16px;font-family: Verdana\">1. Bitte beachten Sie, dass das Foto nicht die tats\u00e4chliche Gr\u00f6\u00dfe zeigt, entnehmen Sie bitte der Beschreibung f\u00fcr die Gr\u00f6\u00dfe Details.<\/span><\/p>\n<p><span style=\"font-size: 16px;font-family: Verdana\">2. Please allow differences due to manual measurement, thanks.<\/span><\/p>\n<p><span style=\"font-size: 16px;font-family: Verdana\">3. Aufgrund des Unterschieds zwischen verschiedenen Monitoren, kann das Bild nicht die tats\u00e4chliche Farbe des Artikels widerspiegeln.<\/span><\/p>\n<\/div>\n<\/div>\n<div class=\"detailmodule_image\"><img decoding=\"async\" src=\"https:\/\/ae01.alicdn.com\/kf\/S5f261654cea34063ae836dea066d208bw.jpg\" class=\"detail-desc-decorate-image\"><img decoding=\"async\" src=\"https:\/\/ae01.alicdn.com\/kf\/Sef95c39672f643e99bcea0e4b7633871S.jpg\" class=\"detail-desc-decorate-image\"><img decoding=\"async\" src=\"https:\/\/ae01.alicdn.com\/kf\/S4fa10f6c11df4f13ad91c17662048ac25.jpg\" class=\"detail-desc-decorate-image\"><img decoding=\"async\" src=\"https:\/\/ae01.alicdn.com\/kf\/S74d7a01c724345058f04650ed3c0ad0fX.jpg\" class=\"detail-desc-decorate-image\"><\/div>","protected":false},"excerpt":{"rendered":"<p>Markenname: NoEnName_Null Hign-concerned Chemisch: Keine Herkunft: Festland China Material: Silikon Schmuck Werkzeuge &amp; Ausr\u00fcstungen Typ: Formen Artikel Typ: Jewelry Tools &amp; Equipments Ist es geeignet<\/p>","protected":false},"featured_media":3000,"comment_status":"open","ping_status":"closed","template":"","meta":[],"product_brand":[],"product_cat":[44],"product_tag":[],"class_list":{"0":"post-2999","1":"product","2":"type-product","3":"status-publish","4":"has-post-thumbnail","6":"product_cat-mould","8":"first","9":"instock","10":"sale","11":"taxable","12":"shipping-taxable","13":"purchasable","14":"product-type-variable"},"_links":{"self":[{"href":"https:\/\/iscandle.com\/de\/wp-json\/wp\/v2\/product\/2999","targetHints":{"allow":["GET"]}}],"collection":[{"href":"https:\/\/iscandle.com\/de\/wp-json\/wp\/v2\/product"}],"about":[{"href":"https:\/\/iscandle.com\/de\/wp-json\/wp\/v2\/types\/product"}],"replies":[{"embeddable":true,"href":"https:\/\/iscandle.com\/de\/wp-json\/wp\/v2\/comments?post=2999"}],"version-history":[{"count":0,"href":"https:\/\/iscandle.com\/de\/wp-json\/wp\/v2\/product\/2999\/revisions"}],"wp:featuredmedia":[{"embeddable":true,"href":"https:\/\/iscandle.com\/de\/wp-json\/wp\/v2\/media\/3000"}],"wp:attachment":[{"href":"https:\/\/iscandle.com\/de\/wp-json\/wp\/v2\/media?parent=2999"}],"wp:term":[{"taxonomy":"product_brand","embeddable":true,"href":"https:\/\/iscandle.com\/de\/wp-json\/wp\/v2\/product_brand?post=2999"},{"taxonomy":"product_cat","embeddable":true,"href":"https:\/\/iscandle.com\/de\/wp-json\/wp\/v2\/product_cat?post=2999"},{"taxonomy":"product_tag","embeddable":true,"href":"https:\/\/iscandle.com\/de\/wp-json\/wp\/v2\/product_tag?post=2999"}],"curies":[{"name":"wp","href":"https:\/\/api.w.org\/{rel}","templated":true}]}}