{"id":2986,"date":"2025-09-11T02:14:53","date_gmt":"2025-09-11T06:14:53","guid":{"rendered":"https:\/\/iscandle.com\/shop\/uncategorized\/3d-starfish-moon-pyramid-cloud-flower-shape-scented-candle-silicone-mold-diy-plaster-resin-soap-wax-making-molds-home-ornament\/"},"modified":"2025-09-11T02:16:30","modified_gmt":"2025-09-11T06:16:30","slug":"3d-seestern-mond-pyramide-wolke-blume-form-duftende-kerze-silikonform-diy-gips-harz-seife-wachs-machen-formen-nach-hause-ornament","status":"publish","type":"product","link":"https:\/\/iscandle.com\/de\/shop\/form\/3d-seestern-mond-pyramide-wolke-blume-form-duftende-kerze-silikonform-diy-gips-harz-seife-wachs-machen-formen-nach-hause-ornament\/","title":{"rendered":"3D Seestern Mond Pyramide Wolke Blume Form duftende Kerze Silikonform DIY Gips Harz Seife Wachs machen Formen Haus Ornament"},"content":{"rendered":"<div class=\"product-specs-list-container\">\n<ul class=\"product-specs-list util-clearfix\">\n<li class=\"product-prop line-limit-length\"><span\n                                        class=\"property-title\">Markenname:&nbsp;<\/span><span\n                                        class=\"property-desc line-limit-length\">NoEnName_Null<\/span>\n                            <\/li>\n<li class=\"product-prop line-limit-length\"><span\n                                        class=\"property-title\">Hign-concerned Chemical:&nbsp;<\/span><span\n                                        class=\"property-desc line-limit-length\">Keine<\/span>\n                            <\/li>\n<li class=\"product-prop line-limit-length\"><span\n                                        class=\"property-title\">Gr\u00f6\u00dfe:&nbsp;<\/span><span\n                                        class=\"property-desc line-limit-length\">1<\/span>\n                            <\/li>\n<li class=\"product-prop line-limit-length\"><span\n                                        class=\"property-title\">Herkunft:&nbsp;<\/span><span\n                                        class=\"property-desc line-limit-length\">Festland China<\/span>\n                            <\/li>\n<li class=\"product-prop line-limit-length\"><span\n                                        class=\"property-title\">Material:&nbsp;<\/span><span\n                                        class=\"property-desc line-limit-length\">Silikon<\/span>\n                            <\/li>\n<li class=\"product-prop line-limit-length\"><span\n                                        class=\"property-title\">Die Form:&nbsp;<\/span><span\n                                        class=\"property-desc line-limit-length\">Herz<\/span>\n                            <\/li>\n<\/ul><\/div>\n<div class=\"detailmodule_text\">\n<p style=\"margin-left:auto;margin-right:auto\">Merkmale:<br \/>\u3010Special Design\u3011Diese Form hat das speziellste Design f\u00fcr DIY-Aromakerzen. Das Design ist einzigartig und erfrischend. Klare Details machen Ihre Arbeiten lebendig. Es kann vollst\u00e4ndig Ihre Pers\u00f6nlichkeit und edlen Geschmack zeigen. <br \/>\u3010Hochwertiges Silikon\u3011Diese Formen sind aus lebensmittelechtem Silikon, weich und elastisch, flexibel und wiederverwendbar. Sie sind nicht leicht zu brechen oder zu verformen, sehr . Hohe Temperaturbest\u00e4ndigkeit von -40\u00b0F bis +446\u00b0F (-40\u2103 bis +230\u2103). Sicher in der Mikrowelle und Sp\u00fclmaschine. (Hinweis: Ber\u00fchren Sie nicht direkt die offene Flamme oder in der N\u00e4he der W\u00e4rmequelle!)<br \/>\u3010Easy to Make\u3011Sehr einfach zu bedienen. Benutzen Sie einfach eine Nadel, um ein Loch in den Boden zu stechen, befestigen Sie den Docht in der Mitte der Form, und gie\u00dfen Sie dann das geschmolzene Wachs hinein und warten Sie, bis es sich bildet. Wenn der Inhalt vollst\u00e4ndig ausgeh\u00e4rtet ist, dr\u00fccken Sie vorsichtig den Boden der Form, und Ihr Werk wird leicht herausspringen, ohne am Boden zu kleben (Hinweis: Bitte reinigen Sie es rechtzeitig nach dem Gebrauch).<br \/>\u3010Wide Use\u3011Diese Formen sind geeignet f\u00fcr die Herstellung von Duftkerzen, Harz Ornamente, Gips Dekorationen, weiche Keramik, handgemachte Seifen, und andere Handarbeiten. Es kann auch als Backform verwendet werden, um Eisw\u00fcrfel, Mousse, Kuchen, Geb\u00e4ck, Fondant, Desserts, Gelees, Puddings und Pralinen zu machen.<br \/>\u3010Ideales Geschenk\u3011Es ist das beste Geschenk f\u00fcr Freunde, Familie, Liebhaber der handgemachten Kerzenherstellung und Anf\u00e4nger in der DIY-Kerzenherstellung f\u00fcr jedes Fest, Jahrestag, Geburtstag, besonderen Tag und Anlass.<\/p>\n<p>Tipps:<br \/>1. Wir bieten nur Silikonform. Bitte machen Sie Ihr eigenes!<br \/>2. Nach dem Zusammendr\u00fccken und Verformen brauchen Sie nur eine Weile zu ruhen, und dann den Zustand wiederherzustellen.<br \/>3. Nach dem Gebrauch bitte mit Wasser abwaschen, dann abtrocknen, flach lagern und k\u00fchl aufbewahren.<br \/>4. Bitte vermeiden Sie Erhitzung und scharfe Werkzeuge.<\/p>\n<p>Spezifikation:<br \/>Material: Lebensmittelgerechtes Silikon<br \/>Temperatur: -40\u00b0F bis +446\u00b0F (-40\u2103 bis +230\u2103)<br \/>Farbe der Form: wie abgebildet<br \/>Abmessungen: Wie abgebildet<\/p>\n<p>Packliste: <br \/>1 x Silikonform<\/p>\n<p>Warme Tipps:<br \/>1. Wir versorgen Sie mit dem besten Produkt und Service. Wenn Sie irgendein Problem haben, lassen Sie uns bitte wissen, und wir werden das Problem so schnell wie m\u00f6glich l\u00f6sen. Wir danken Ihnen sehr.<br \/>2. Aufgrund des Licht- und Bildschirmunterschieds kann die Farbe des Artikels etwas anders sein als die der Bilder.<br \/>3. Bitte erlauben Sie leichten Ma\u00dfunterschied aufgrund unterschiedlicher manueller Messung.<br \/>4. 1cm=0.39 inch.<\/p>\n<p style=\"margin-left:auto;margin-right:auto\">Brandneu.<\/p>\n<p><\/div>\n<div class=\"detailmodule_image\"><img decoding=\"async\" class=\"detail-desc-decorate-image\" src=\"https:\/\/ae01.alicdn.com\/kf\/S282b7c7fd5f84dbb8beca19f47c2b8361.jpg\" \/><img decoding=\"async\" class=\"detail-desc-decorate-image\" src=\"https:\/\/ae01.alicdn.com\/kf\/S9b43c5a2576843f88faf31ef4aafa4d8E.jpg\" \/><img decoding=\"async\" class=\"detail-desc-decorate-image\" src=\"https:\/\/ae01.alicdn.com\/kf\/Sfb7d39ad6c994682846425069bf91e67o.jpg\" \/><img decoding=\"async\" class=\"detail-desc-decorate-image\" src=\"https:\/\/ae01.alicdn.com\/kf\/S362ec62f997147f49ac7685c226b5209p.jpg\" \/><img decoding=\"async\" class=\"detail-desc-decorate-image\" src=\"https:\/\/ae01.alicdn.com\/kf\/S2e99b2542cd1424da495de3483457d4c2.jpg\" \/><img decoding=\"async\" class=\"detail-desc-decorate-image\" src=\"https:\/\/ae01.alicdn.com\/kf\/Sacf7ccb538af4bf6ac9dfd9fa51c6679I.jpg\" \/><img decoding=\"async\" class=\"detail-desc-decorate-image\" src=\"https:\/\/ae01.alicdn.com\/kf\/S3f8d5ad1855043d2aa228eeba9d0123cZ.jpg\" \/><img decoding=\"async\" class=\"detail-desc-decorate-image\" src=\"https:\/\/ae01.alicdn.com\/kf\/Sc6a38394adbd4d198bcc90ab33f9ef76Y.jpg\" \/><img decoding=\"async\" class=\"detail-desc-decorate-image\" src=\"https:\/\/ae01.alicdn.com\/kf\/Sc0c8db208ad547d89ab4a8703ce9d1fas.jpg\" \/><img decoding=\"async\" class=\"detail-desc-decorate-image\" src=\"https:\/\/ae01.alicdn.com\/kf\/S9852a5f458cd484eb383918f13b81addY.jpg\" \/><\/div>\n<div class=\"detailmodule_image\"><img decoding=\"async\" class=\"detail-desc-decorate-image\" src=\"https:\/\/ae01.alicdn.com\/kf\/Sb4e8483d92cd451cbdae1f251f1e42c66.jpg\" \/><img decoding=\"async\" class=\"detail-desc-decorate-image\" src=\"https:\/\/ae01.alicdn.com\/kf\/Sbaff70fa4162453b9ca24e330c0922e23.jpg\" \/><img decoding=\"async\" class=\"detail-desc-decorate-image\" src=\"https:\/\/ae01.alicdn.com\/kf\/Sc2d73b5a6b71413997236cc3c012e4d7V.jpg\" \/><img decoding=\"async\" class=\"detail-desc-decorate-image\" src=\"https:\/\/ae01.alicdn.com\/kf\/S45c23493a0864919974c1ecb40808962O.jpg\" \/><img decoding=\"async\" class=\"detail-desc-decorate-image\" src=\"https:\/\/ae01.alicdn.com\/kf\/S76218741aa774524b311e62eb1621057z.jpg\" \/><\/div>\n<p><\/p>","protected":false},"excerpt":{"rendered":"<p>Brand Name:&nbsp;NoEnName_Null Hign-concerned Chemical:&nbsp;None Size:&nbsp;1 Origin:&nbsp;Mainland China Material:&nbsp;Silicone Shape:&nbsp;Heart Features:\u3010Special Design\u3011This mold has the most special design for DIY aroma<\/p>","protected":false},"featured_media":2987,"comment_status":"open","ping_status":"closed","template":"","meta":[],"product_brand":[],"product_cat":[44],"product_tag":[],"class_list":{"0":"post-2986","1":"product","2":"type-product","3":"status-publish","4":"has-post-thumbnail","6":"product_cat-mould","8":"first","9":"instock","10":"sale","11":"taxable","12":"shipping-taxable","13":"purchasable","14":"product-type-variable"},"_links":{"self":[{"href":"https:\/\/iscandle.com\/de\/wp-json\/wp\/v2\/product\/2986","targetHints":{"allow":["GET"]}}],"collection":[{"href":"https:\/\/iscandle.com\/de\/wp-json\/wp\/v2\/product"}],"about":[{"href":"https:\/\/iscandle.com\/de\/wp-json\/wp\/v2\/types\/product"}],"replies":[{"embeddable":true,"href":"https:\/\/iscandle.com\/de\/wp-json\/wp\/v2\/comments?post=2986"}],"version-history":[{"count":0,"href":"https:\/\/iscandle.com\/de\/wp-json\/wp\/v2\/product\/2986\/revisions"}],"wp:featuredmedia":[{"embeddable":true,"href":"https:\/\/iscandle.com\/de\/wp-json\/wp\/v2\/media\/2987"}],"wp:attachment":[{"href":"https:\/\/iscandle.com\/de\/wp-json\/wp\/v2\/media?parent=2986"}],"wp:term":[{"taxonomy":"product_brand","embeddable":true,"href":"https:\/\/iscandle.com\/de\/wp-json\/wp\/v2\/product_brand?post=2986"},{"taxonomy":"product_cat","embeddable":true,"href":"https:\/\/iscandle.com\/de\/wp-json\/wp\/v2\/product_cat?post=2986"},{"taxonomy":"product_tag","embeddable":true,"href":"https:\/\/iscandle.com\/de\/wp-json\/wp\/v2\/product_tag?post=2986"}],"curies":[{"name":"wp","href":"https:\/\/api.w.org\/{rel}","templated":true}]}}