{"id":2884,"date":"2025-09-11T02:11:59","date_gmt":"2025-09-11T06:11:59","guid":{"rendered":"https:\/\/iscandle.com\/shop\/uncategorized\/3d-elk-silicone-mold-diy-christmas-decoration-ornament-gingerbread-chimney-house-candle-mould-2024-diy-xmas-silicone-crafts-mold\/"},"modified":"2025-09-11T02:13:28","modified_gmt":"2025-09-11T06:13:28","slug":"3d-elk-silicone-mold-diy-christmas-decoration-ornament-gingerbread-chimney-house-candle-mould-2024-diy-xmas-silicone-crafts-mold","status":"publish","type":"product","link":"https:\/\/iscandle.com\/de\/shop\/form\/3d-elk-silicone-mold-diy-christmas-decoration-ornament-gingerbread-chimney-house-candle-mould-2024-diy-xmas-silicone-crafts-mold\/","title":{"rendered":"3D Elch Silikonform DIY Weihnachtsdekoration Ornament Lebkuchen Schornstein Haus Kerze Form 2024 DIY Weihnachten Silikon Handwerksform"},"content":{"rendered":"<div class=\"product-specs-list-container\">\n<ul class=\"product-specs-list util-clearfix\">\n<li class=\"product-prop line-limit-length\"><span\n                                        class=\"property-title\">Markenname:&nbsp;<\/span><span\n                                        class=\"property-desc line-limit-length\">NoEnName_Null<\/span>\n                            <\/li>\n<li class=\"product-prop line-limit-length\"><span\n                                        class=\"property-title\">Hign-concerned Chemical:&nbsp;<\/span><span\n                                        class=\"property-desc line-limit-length\">Keine<\/span>\n                            <\/li>\n<li class=\"product-prop line-limit-length\"><span\n                                        class=\"property-title\">Gr\u00f6\u00dfe:&nbsp;<\/span><span\n                                        class=\"property-desc line-limit-length\">6.5&#215;6.2&#215;8.1cm<\/span>\n                            <\/li>\n<li class=\"product-prop line-limit-length\"><span\n                                        class=\"property-title\">Herkunft:&nbsp;<\/span><span\n                                        class=\"property-desc line-limit-length\">Festland China<\/span>\n                            <\/li>\n<li class=\"product-prop line-limit-length\"><span\n                                        class=\"property-title\">Material:&nbsp;<\/span><span\n                                        class=\"property-desc line-limit-length\">Environmentally friendly silicone<\/span>\n                            <\/li>\n<li class=\"product-prop line-limit-length\"><span\n                                        class=\"property-title\">Die Form:&nbsp;<\/span><span\n                                        class=\"property-desc line-limit-length\">cartoon figure<\/span>\n                            <\/li>\n<li class=\"product-prop line-limit-length\"><span\n                                        class=\"property-title\">Model Number:&nbsp;<\/span><span\n                                        class=\"property-desc line-limit-length\">Candle Mold<\/span>\n                            <\/li>\n<\/ul><\/div>\n<div class=\"detailmodule_text\">\n<p class=\"detail-desc-decorate-title\" style=\"font-family: 'OpenSans';color:'#000';font-weight: 900;font-size: 20px;line-height: 28px;color: #000;margin-bottom: 12px\">\n<p class=\"detail-desc-decorate-content\" style=\"font-family: 'OpenSans';color:'#000';font-weight: 300;font-size: 14px;line-height: 20px;color: #000;margin-bottom: 12px\">\n<p style='margin-left: auto;margin-right: auto'><font>Description:<br \/>1. This mold is made of food-grade silicone mold, -30 ~ 230 degrees Celsius, easy to demoulding.<br \/>2. This mold is used for resin\/candle\/clay\/chocolate casting.<br \/>3. Pour the material into the mold and wait for curing and release.<br \/>4. Cool the final product to below room temperature before demoulding to make it easier to demoulding.<br \/>5. Suitable for most resins and casting materials, such as epoxy resin, UV resin, cement clay, soap, wax, candle, polyester resin, mortar, etc.<\/p>\n<p>Specification<br \/>Material: Silicone<br \/>Size: 6.6*9*2.5cm<\/p>\n<p>Package Included<br \/>Mold *1pcs<\/p>\n<p>Look out<br \/>1. If you have any questions, please tell us and we will solve them for you as soon as possible. Thank you very much.<br \/>2. Due to differences in display and lighting, the actual color may be slightly different from the product picture.<br \/><\/font><\/p>\n<p style='margin-left: auto;margin-right: auto'><font>Christmas Tree House Mold<br \/><\/font><\/p>\n<\/p>\n<\/div>\n<div class=\"detailmodule_image\"><img decoding=\"async\" src=\"https:\/\/ae01.alicdn.com\/kf\/Sbb95e0a1a25e4aa5a4fc519c9f0f4e53A.jpg\" class=\"detail-desc-decorate-image\"><img decoding=\"async\" src=\"https:\/\/ae01.alicdn.com\/kf\/S2d2670b210d74cefac5559934400ed18C.jpg\" class=\"detail-desc-decorate-image\"><img decoding=\"async\" src=\"https:\/\/ae01.alicdn.com\/kf\/S5a1f566ab4864b4e9440278c3fb01314P.jpg\" class=\"detail-desc-decorate-image\"><img decoding=\"async\" src=\"https:\/\/ae01.alicdn.com\/kf\/S4d3fc56519e44038aa61f944a7333694a.jpg\" class=\"detail-desc-decorate-image\"><img decoding=\"async\" src=\"https:\/\/ae01.alicdn.com\/kf\/S021f3c3caf2946db829490ee8b7c92a29.jpg\" class=\"detail-desc-decorate-image\"><img decoding=\"async\" src=\"https:\/\/ae01.alicdn.com\/kf\/S1d18095b914846e5a9ff0aaffb609902V.jpg\" class=\"detail-desc-decorate-image\"><img decoding=\"async\" src=\"https:\/\/ae01.alicdn.com\/kf\/S0947eef1cd8746d9a6687b8dafb86639P.jpeg\" class=\"detail-desc-decorate-image\"><img decoding=\"async\" src=\"https:\/\/ae01.alicdn.com\/kf\/Sa4c78fe3e2e849999a47bf694f0d4adc8.jpeg\" class=\"detail-desc-decorate-image\"><img decoding=\"async\" src=\"https:\/\/ae01.alicdn.com\/kf\/S8638dceab1d14f6d81a76f26f5bede5dq.jpeg\" class=\"detail-desc-decorate-image\"><img decoding=\"async\" src=\"https:\/\/ae01.alicdn.com\/kf\/Scd0b151cbd2947e2be7941fdcbb21f73z.jpeg\" class=\"detail-desc-decorate-image\"><\/div>\n<div class=\"detailmodule_image\"><img decoding=\"async\" src=\"https:\/\/ae01.alicdn.com\/kf\/S4c77455aebd548d386a986fed8e59a31N.jpeg\" class=\"detail-desc-decorate-image\"><img decoding=\"async\" src=\"https:\/\/ae01.alicdn.com\/kf\/Sf20020909c234abf9a1fbeb578c1b764g.jpeg\" class=\"detail-desc-decorate-image\"><img decoding=\"async\" src=\"https:\/\/ae01.alicdn.com\/kf\/S20df9c5b732e4c1da025933c8db2ac3eB.jpeg\" class=\"detail-desc-decorate-image\"><img decoding=\"async\" src=\"https:\/\/ae01.alicdn.com\/kf\/S05f00ade43a34619bdef780c9db144fat.jpeg\" class=\"detail-desc-decorate-image\"><img decoding=\"async\" src=\"https:\/\/ae01.alicdn.com\/kf\/Se1d996fd0b88405d947e49feceb65d69V.jpeg\" class=\"detail-desc-decorate-image\"><img decoding=\"async\" src=\"https:\/\/ae01.alicdn.com\/kf\/Sae51c94263524740954ad18383d8c853r.jpg\" class=\"detail-desc-decorate-image\"><\/div>","protected":false},"excerpt":{"rendered":"<p>Markenname: NoEnName_Null Hign-concerned Chemical: Keine Gr\u00f6\u00dfe: 6.5\u00d76.2\u00d78.1cm Herkunft: Festland China Material: Umweltfreundliches Silikon Form: Cartoon-Figur Modellnummer: Kerzenform Beschreibung:1. Diese Form ist aus<\/p>","protected":false},"featured_media":2886,"comment_status":"open","ping_status":"closed","template":"","meta":[],"product_brand":[],"product_cat":[44],"product_tag":[],"class_list":{"0":"post-2884","1":"product","2":"type-product","3":"status-publish","4":"has-post-thumbnail","6":"product_cat-mould","8":"first","9":"instock","10":"sale","11":"taxable","12":"shipping-taxable","13":"purchasable","14":"product-type-variable"},"_links":{"self":[{"href":"https:\/\/iscandle.com\/de\/wp-json\/wp\/v2\/product\/2884","targetHints":{"allow":["GET"]}}],"collection":[{"href":"https:\/\/iscandle.com\/de\/wp-json\/wp\/v2\/product"}],"about":[{"href":"https:\/\/iscandle.com\/de\/wp-json\/wp\/v2\/types\/product"}],"replies":[{"embeddable":true,"href":"https:\/\/iscandle.com\/de\/wp-json\/wp\/v2\/comments?post=2884"}],"version-history":[{"count":0,"href":"https:\/\/iscandle.com\/de\/wp-json\/wp\/v2\/product\/2884\/revisions"}],"wp:featuredmedia":[{"embeddable":true,"href":"https:\/\/iscandle.com\/de\/wp-json\/wp\/v2\/media\/2886"}],"wp:attachment":[{"href":"https:\/\/iscandle.com\/de\/wp-json\/wp\/v2\/media?parent=2884"}],"wp:term":[{"taxonomy":"product_brand","embeddable":true,"href":"https:\/\/iscandle.com\/de\/wp-json\/wp\/v2\/product_brand?post=2884"},{"taxonomy":"product_cat","embeddable":true,"href":"https:\/\/iscandle.com\/de\/wp-json\/wp\/v2\/product_cat?post=2884"},{"taxonomy":"product_tag","embeddable":true,"href":"https:\/\/iscandle.com\/de\/wp-json\/wp\/v2\/product_tag?post=2884"}],"curies":[{"name":"wp","href":"https:\/\/api.w.org\/{rel}","templated":true}]}}