{"id":2862,"date":"2025-09-11T02:11:50","date_gmt":"2025-09-11T06:11:50","guid":{"rendered":"https:\/\/iscandle.com\/shop\/uncategorized\/3d-ghost-silicone-mould-diy-halloween-decoration-pumpkin-skull-holiday-aroma-candle-soap-plaster-mold-party-decoration-kids-toy\/"},"modified":"2025-09-11T02:12:51","modified_gmt":"2025-09-11T06:12:51","slug":"3d-ghost-silicone-mould-diy-halloween-decoration-pumpkin-skull-holiday-aroma-candle-soap-plaster-mold-party-decoration-kids-toy","status":"publish","type":"product","link":"https:\/\/iscandle.com\/de\/shop\/form\/3d-ghost-silicone-mould-diy-halloween-decoration-pumpkin-skull-holiday-aroma-candle-soap-plaster-mold-party-decoration-kids-toy\/","title":{"rendered":"3D Geist Silikonform DIY Halloween Dekoration K\u00fcrbis Sch\u00e4del Urlaub Aroma Kerze Seife Gipsform Party Dekoration Kinder Spielzeug"},"content":{"rendered":"<div class=\"product-specs-list-container\">\n<ul class=\"product-specs-list util-clearfix\">\n<li class=\"product-prop line-limit-length\"><span\n                                        class=\"property-title\">Markenname:&nbsp;<\/span><span\n                                        class=\"property-desc line-limit-length\">NoEnName_Null<\/span>\n                            <\/li>\n<li class=\"product-prop line-limit-length\"><span\n                                        class=\"property-title\">Hign-concerned Chemical:&nbsp;<\/span><span\n                                        class=\"property-desc line-limit-length\">Keine<\/span>\n                            <\/li>\n<li class=\"product-prop line-limit-length\"><span\n                                        class=\"property-title\">Gr\u00f6\u00dfe:&nbsp;<\/span><span\n                                        class=\"property-desc line-limit-length\">as pictures<\/span>\n                            <\/li>\n<li class=\"product-prop line-limit-length\"><span\n                                        class=\"property-title\">Herkunft:&nbsp;<\/span><span\n                                        class=\"property-desc line-limit-length\">Festland China<\/span>\n                            <\/li>\n<li class=\"product-prop line-limit-length\"><span\n                                        class=\"property-title\">Material:&nbsp;<\/span><span\n                                        class=\"property-desc line-limit-length\">silicone<\/span>\n                            <\/li>\n<li class=\"product-prop line-limit-length\"><span\n                                        class=\"property-title\">Die Form:&nbsp;<\/span><span\n                                        class=\"property-desc line-limit-length\">Human Figure<\/span>\n                            <\/li>\n<li class=\"product-prop line-limit-length\"><span\n                                        class=\"property-title\">Model Number:&nbsp;<\/span><span\n                                        class=\"property-desc line-limit-length\">Candle Mould<\/span>\n                            <\/li>\n<\/ul><\/div>\n<div class=\"detailmodule_text\">\n<p class=\"detail-desc-decorate-title\" style=\"font-family: 'OpenSans';color:'#000';font-weight: 900;font-size: 20px;line-height: 28px;color: #000;margin-bottom: 12px\">Package Included: 1 Mold<\/p>\n<p class=\"detail-desc-decorate-content\" style=\"font-family: 'OpenSans';color:'#000';font-weight: 300;font-size: 14px;line-height: 20px;color: #000;margin-bottom: 12px\">\n<p style=\"margin-left: auto;margin-right: auto\"><span>Merkmale:<br \/>\u3010Special Design\u3011Diese Form hat das speziellste Design f\u00fcr DIY-Aromakerzen. Das Design ist einzigartig und erfrischend. Klare Details machen Ihre Arbeiten lebendig. Es kann vollst\u00e4ndig Ihre Pers\u00f6nlichkeit und edlen Geschmack zeigen. <br \/>\u3010High-quality Silicone\u3011These molds are made of food-grade silicone, soft and elastic, flexible and reusable. They are not easy to break or deform, very durable. High-temperature resistance from -40&deg;F to +446&deg;F (-40\u2103 to +230\u2103). Safe in the microwave and dishwasher. (Note: Do not directly touch the open flame or near the heat source!)<br \/>\u3010Easy to Use and Clean\u3011Easy to use and clean: Silicone molds are easy to use, simply pour the casting material into the mold and allow it to cure and then easily release the mold. Due to the non-stick nature of the silicone itself, the release process is easy, and this also makes the cleaning of such molds very simple. Cleaning can be done by scrubbing with warm water and soap, and can be reused many times.<br \/>\u3010Wide Use\u3011These molds are suitable for making scented candles, resin ornaments, plaster decorations, soft pottery, handmade soaps, and other handicrafts. <br \/>\u3010Ideales Geschenk\u3011Es ist das beste Geschenk f\u00fcr Freunde, Familie, Liebhaber der handgemachten Kerzenherstellung und Anf\u00e4nger in der DIY-Kerzenherstellung f\u00fcr jedes Fest, Jahrestag, Geburtstag, besonderen Tag und Anlass.<\/p>\n<p>Spezifikation:<br \/>Material: Lebensmittelgerechtes Silikon<br \/>Temperature: -40&deg;F to +446&deg;F (-40\u2103 to +230\u2103)<br \/>Mold Color: White<br \/>Abmessungen: Wie abgebildet<\/p>\n<p>Tipps:<br \/>1.We only provide silicone mold. Please make your own!<br \/>2.After squeezing and deforming, you only need to rest for a while, and then restore the state.<br \/>3.After use, please wash with water, then dry, store it flat, and store it in a cool place.<br \/>4.Please avoid heating and sharp tools.<\/p>\n<p><\/span><\/p>\n<\/p>\n<\/div>\n<div class=\"detailmodule_image\"><img decoding=\"async\" src=\"https:\/\/ae01.alicdn.com\/kf\/S6219b4844a9848c29936d3cb0662d82fn.jpg\" class=\"detail-desc-decorate-image\"><img decoding=\"async\" src=\"https:\/\/ae01.alicdn.com\/kf\/Sf6931b663b8a4190bc2cc9b87b14e380o.jpg\" class=\"detail-desc-decorate-image\"><img decoding=\"async\" src=\"https:\/\/ae01.alicdn.com\/kf\/S8e1f72abb61d4df1875eda4632d836e4j.jpg\" class=\"detail-desc-decorate-image\"><img decoding=\"async\" src=\"https:\/\/ae01.alicdn.com\/kf\/S289688df9a2545e0a464dce0f8389a63h.jpg\" class=\"detail-desc-decorate-image\"><img decoding=\"async\" src=\"https:\/\/ae01.alicdn.com\/kf\/S9f2c9a01d0e547da933ebfe790433ffcT.jpg\" class=\"detail-desc-decorate-image\"><img decoding=\"async\" src=\"https:\/\/ae01.alicdn.com\/kf\/S5bd8d4386e2f428e8e31944deeebe64fI.jpg\" class=\"detail-desc-decorate-image\"><img decoding=\"async\" src=\"https:\/\/ae01.alicdn.com\/kf\/Sb44b006f29bb41238f31b289cbbab031O.jpg\" class=\"detail-desc-decorate-image\"><\/div>\n<div class=\"detailmodule_image\"><img decoding=\"async\" src=\"https:\/\/ae01.alicdn.com\/kf\/S1258e1ac8db4444390b853a624ed9de6r.jpg\" class=\"detail-desc-decorate-image\"><img decoding=\"async\" src=\"https:\/\/ae01.alicdn.com\/kf\/S64d76ab4b800412f823dbaf006592da68.jpeg\" class=\"detail-desc-decorate-image\"><img decoding=\"async\" src=\"https:\/\/ae01.alicdn.com\/kf\/S71d014c4414d4939bc153fee686d3fe9K.jpeg\" class=\"detail-desc-decorate-image\"><img decoding=\"async\" src=\"https:\/\/ae01.alicdn.com\/kf\/S261d58bcb8fd48968697c02499c3628bA.jpeg\" class=\"detail-desc-decorate-image\"><img decoding=\"async\" src=\"https:\/\/ae01.alicdn.com\/kf\/S638a5be06ed54e6ba3a55cce45f2fcdae.jpeg\" class=\"detail-desc-decorate-image\"><img decoding=\"async\" src=\"https:\/\/ae01.alicdn.com\/kf\/Sc803d9420cc24fb49b5bc1b356a9de93D.jpeg\" class=\"detail-desc-decorate-image\"><\/div>\n<div class=\"detailmodule_text\">\n<p class=\"detail-desc-decorate-title\" style=\"font-family: 'OpenSans';color:'#000';font-weight: 900;font-size: 20px;line-height: 28px;color: #000;margin-bottom: 12px\">3D Geist Silikonform DIY Halloween Dekoration K\u00fcrbis Sch\u00e4del Urlaub Aroma Kerze Seife Gipsform Party Dekoration Kinder Spielzeug<\/p>\n<p class=\"detail-desc-decorate-content\" style=\"font-family: 'OpenSans';color:'#000';font-weight: 300;font-size: 14px;line-height: 20px;color: #000;margin-bottom: 12px\">\n<p style=\"margin-left: auto;margin-right: auto\">Warme Tipps:<br \/>1.We provide you with the best product and service. If you have any problem, please let us know, and we will solve the problem ASAP. Thank you so much.<br \/>2.Due to the light and screen difference, the item&#8217;s color may be slightly different from the pictures.<br \/>3.Please allow slight dimension difference due to different manual measurement.<br \/>4.1cm=0.39 inch.<\/p>\n<p style=\"margin-left: auto;margin-right: auto\">Brand new and high quality.<\/p>\n<\/p>\n<\/div>","protected":false},"excerpt":{"rendered":"<p>Markenname: NoEnName_Null Hign-concerned Chemie: Keine Gr\u00f6\u00dfe: wie Bilder Herkunft: Festland China Material: Silikon Form: Menschliche Figur Modellnummer: Candle Mould Paket enthalten: 1 Form Eigenschaften:\u3010Special Design\u3011This<\/p>","protected":false},"featured_media":2863,"comment_status":"open","ping_status":"closed","template":"","meta":[],"product_brand":[],"product_cat":[44],"product_tag":[],"class_list":{"0":"post-2862","1":"product","2":"type-product","3":"status-publish","4":"has-post-thumbnail","6":"product_cat-mould","8":"first","9":"instock","10":"sale","11":"taxable","12":"shipping-taxable","13":"purchasable","14":"product-type-variable"},"_links":{"self":[{"href":"https:\/\/iscandle.com\/de\/wp-json\/wp\/v2\/product\/2862","targetHints":{"allow":["GET"]}}],"collection":[{"href":"https:\/\/iscandle.com\/de\/wp-json\/wp\/v2\/product"}],"about":[{"href":"https:\/\/iscandle.com\/de\/wp-json\/wp\/v2\/types\/product"}],"replies":[{"embeddable":true,"href":"https:\/\/iscandle.com\/de\/wp-json\/wp\/v2\/comments?post=2862"}],"version-history":[{"count":0,"href":"https:\/\/iscandle.com\/de\/wp-json\/wp\/v2\/product\/2862\/revisions"}],"wp:featuredmedia":[{"embeddable":true,"href":"https:\/\/iscandle.com\/de\/wp-json\/wp\/v2\/media\/2863"}],"wp:attachment":[{"href":"https:\/\/iscandle.com\/de\/wp-json\/wp\/v2\/media?parent=2862"}],"wp:term":[{"taxonomy":"product_brand","embeddable":true,"href":"https:\/\/iscandle.com\/de\/wp-json\/wp\/v2\/product_brand?post=2862"},{"taxonomy":"product_cat","embeddable":true,"href":"https:\/\/iscandle.com\/de\/wp-json\/wp\/v2\/product_cat?post=2862"},{"taxonomy":"product_tag","embeddable":true,"href":"https:\/\/iscandle.com\/de\/wp-json\/wp\/v2\/product_tag?post=2862"}],"curies":[{"name":"wp","href":"https:\/\/api.w.org\/{rel}","templated":true}]}}