{"id":2771,"date":"2025-09-11T12:54:50","date_gmt":"2025-09-11T04:54:50","guid":{"rendered":"https:\/\/iscandle.com\/shop\/uncategorized\/geometric-diamond-love-shape-soap-silicone-mold-for-diy-handmade-soap-ornaments-plaster-candle-jewelry-resin-key-chain-mould\/"},"modified":"2025-09-11T12:56:05","modified_gmt":"2025-09-11T04:56:05","slug":"geometric-diamond-love-shape-soap-silicone-mold-for-diy-handmade-soap-ornaments-plaster-candle-jewelry-resin-key-chain-mould","status":"publish","type":"product","link":"https:\/\/iscandle.com\/de\/shop\/form\/geometric-diamond-love-shape-soap-silicone-mold-for-diy-handmade-soap-ornaments-plaster-candle-jewelry-resin-key-chain-mould\/","title":{"rendered":"Geometrische Diamant Liebe Form Seife Silikonform f\u00fcr DIY handgemachte Seife Ornamente Gips Kerze Schmuck Harz Schl\u00fcsselanh\u00e4nger Form"},"content":{"rendered":"<p>&nbsp;<\/p>\n<div class=\"product-specs-list-container\">\n<ul class=\"product-specs-list util-clearfix\">\n<li class=\"product-prop line-limit-length\"><span class=\"property-title\">Markenname:\u00a0<\/span><span class=\"property-desc line-limit-length\">NoEnName_Null<\/span><\/li>\n<li class=\"product-prop line-limit-length\"><span class=\"property-title\">Herkunft:\u00a0<\/span><span class=\"property-desc line-limit-length\">Festland China<\/span><\/li>\n<li class=\"product-prop line-limit-length\"><span class=\"property-title\">Material:\u00a0<\/span><span class=\"property-desc line-limit-length\">silicone<\/span><\/li>\n<li class=\"product-prop line-limit-length\"><span class=\"property-title\">Die Form:\u00a0<\/span><span class=\"property-desc line-limit-length\">Herz<\/span><\/li>\n<\/ul>\n<\/div>\n<div class=\"detailmodule_dynamic\"><\/div>\n<div class=\"detailmodule_text-image\"><img decoding=\"async\" class=\"detail-desc-decorate-image\" src=\"https:\/\/ae01.alicdn.com\/kf\/Hfd3da4ccdf1b4435802b70e7dabfec1bm.jpg\" \/><img decoding=\"async\" class=\"detail-desc-decorate-image\" src=\"https:\/\/ae01.alicdn.com\/kf\/H49a9521fb3164662b38693bc50f056b3E.jpg\" \/><img decoding=\"async\" class=\"detail-desc-decorate-image\" src=\"https:\/\/ae01.alicdn.com\/kf\/H6fd924ec89e2403281f642f9d8478d60I.jpg\" \/><img decoding=\"async\" class=\"detail-desc-decorate-image\" src=\"https:\/\/ae01.alicdn.com\/kf\/H5769c2bcbebc43e0a2e5e2f60f8d59ddd.jpg\" \/><img decoding=\"async\" class=\"detail-desc-decorate-image\" src=\"https:\/\/ae01.alicdn.com\/kf\/H4d4625ef60d9458083e6cb783199a385x.jpg\" \/><img decoding=\"async\" class=\"detail-desc-decorate-image\" src=\"https:\/\/ae01.alicdn.com\/kf\/He7c0821bfc6f4448828bdf8a3f0c463eE.jpg\" \/><img decoding=\"async\" class=\"detail-desc-decorate-image\" src=\"https:\/\/ae01.alicdn.com\/kf\/Hef075e87512c4b3f99ae8949d7a14fbaI.jpg\" \/><img decoding=\"async\" class=\"detail-desc-decorate-image\" src=\"https:\/\/ae01.alicdn.com\/kf\/H24637aa1f9834e309a1a044fbe869e23r.jpg\" \/><img decoding=\"async\" class=\"detail-desc-decorate-image\" src=\"https:\/\/ae01.alicdn.com\/kf\/Hc89c125175ce4fa1aa5c7361d1a26132F.jpg\" \/><img decoding=\"async\" class=\"detail-desc-decorate-image\" src=\"https:\/\/ae01.alicdn.com\/kf\/Hb7694e08ec3b410b843969f31931431be.jpg\" \/><\/div>\n<div class=\"detailmodule_image\"><img decoding=\"async\" class=\"detail-desc-decorate-image\" src=\"https:\/\/ae01.alicdn.com\/kf\/H65b7bd2720064cd8a3a3eb95eddbe681C.jpg\" \/><img decoding=\"async\" class=\"detail-desc-decorate-image\" src=\"https:\/\/ae01.alicdn.com\/kf\/H21f74a8006174d02a5416a849cfbca0cE.jpg\" \/><img decoding=\"async\" class=\"detail-desc-decorate-image\" src=\"https:\/\/ae01.alicdn.com\/kf\/H1f716f2f80ff470f9e780a73c51da943q.jpg\" \/><img decoding=\"async\" class=\"detail-desc-decorate-image\" src=\"https:\/\/ae01.alicdn.com\/kf\/H6e54e31fd25e45b9811498c3fffc2b46a.jpg\" \/><\/div>","protected":false},"excerpt":{"rendered":"<p>&nbsp; Markenname: NoEnName_Null Herkunft: Festland China Material: Silikon Form: Herz<\/p>","protected":false},"featured_media":2772,"comment_status":"open","ping_status":"closed","template":"","meta":[],"product_brand":[],"product_cat":[44],"product_tag":[],"class_list":{"0":"post-2771","1":"product","2":"type-product","3":"status-publish","4":"has-post-thumbnail","6":"product_cat-mould","8":"first","9":"instock","10":"taxable","11":"shipping-taxable","12":"purchasable","13":"product-type-variable"},"_links":{"self":[{"href":"https:\/\/iscandle.com\/de\/wp-json\/wp\/v2\/product\/2771","targetHints":{"allow":["GET"]}}],"collection":[{"href":"https:\/\/iscandle.com\/de\/wp-json\/wp\/v2\/product"}],"about":[{"href":"https:\/\/iscandle.com\/de\/wp-json\/wp\/v2\/types\/product"}],"replies":[{"embeddable":true,"href":"https:\/\/iscandle.com\/de\/wp-json\/wp\/v2\/comments?post=2771"}],"version-history":[{"count":0,"href":"https:\/\/iscandle.com\/de\/wp-json\/wp\/v2\/product\/2771\/revisions"}],"wp:featuredmedia":[{"embeddable":true,"href":"https:\/\/iscandle.com\/de\/wp-json\/wp\/v2\/media\/2772"}],"wp:attachment":[{"href":"https:\/\/iscandle.com\/de\/wp-json\/wp\/v2\/media?parent=2771"}],"wp:term":[{"taxonomy":"product_brand","embeddable":true,"href":"https:\/\/iscandle.com\/de\/wp-json\/wp\/v2\/product_brand?post=2771"},{"taxonomy":"product_cat","embeddable":true,"href":"https:\/\/iscandle.com\/de\/wp-json\/wp\/v2\/product_cat?post=2771"},{"taxonomy":"product_tag","embeddable":true,"href":"https:\/\/iscandle.com\/de\/wp-json\/wp\/v2\/product_tag?post=2771"}],"curies":[{"name":"wp","href":"https:\/\/api.w.org\/{rel}","templated":true}]}}